{"id":41,"date":"2020-06-20T17:49:26","date_gmt":"2020-06-20T17:49:26","guid":{"rendered":"http:\/\/34.74.245.243\/?page_id=41"},"modified":"2020-06-20T17:49:26","modified_gmt":"2020-06-20T17:49:26","slug":"integrantes-de-la-comision","status":"publish","type":"page","link":"https:\/\/juventud.congresocdmx.gob.mx\/index.php\/integrantes-de-la-comision\/","title":{"rendered":"Integrantes de la Comisi\u00f3n"},"content":{"rendered":"\n<h5 class=\"wp-block-heading\">ANA CRISTINA HERN\u00c1NDEZ TREJO&nbsp;Representaci\u00f3n Proporcional<\/h5>\n\n\n\n<figure class=\"wp-block-image is-resized\"><img loading=\"lazy\" decoding=\"async\" src=\"http:\/\/34.74.245.243\/wp-content\/uploads\/2020\/06\/46.1.jpg\" alt=\"\" class=\"wp-image-42\" width=\"111\" height=\"166\" srcset=\"https:\/\/juventud.congresocdmx.gob.mx\/wp-content\/uploads\/2020\/06\/46.1.jpg 320w, https:\/\/juventud.congresocdmx.gob.mx\/wp-content\/uploads\/2020\/06\/46.1-200x300.jpg 200w\" sizes=\"auto, (max-width: 111px) 100vw, 111px\" \/><figcaption><strong>Presidenta<\/strong><\/figcaption><\/figure>\n\n\n\n<h5 class=\"wp-block-heading\">JOS\u00c9 MART\u00cdN PADILLA S\u00c1NCHEZ&nbsp;Representaci\u00f3n Proporcional<\/h5>\n\n\n\n<figure class=\"wp-block-image is-resized\"><img loading=\"lazy\" decoding=\"async\" src=\"http:\/\/34.74.245.243\/wp-content\/uploads\/2020\/06\/53.jpg\" alt=\"\" class=\"wp-image-43\" width=\"113\" height=\"170\" srcset=\"https:\/\/juventud.congresocdmx.gob.mx\/wp-content\/uploads\/2020\/06\/53.jpg 320w, https:\/\/juventud.congresocdmx.gob.mx\/wp-content\/uploads\/2020\/06\/53-200x300.jpg 200w\" sizes=\"auto, (max-width: 113px) 100vw, 113px\" \/><figcaption><strong>Vicepresidente<\/strong><\/figcaption><\/figure>\n\n\n\n<h5 class=\"wp-block-heading\">MIGUEL \u00c1NGEL \u00c1LVAREZ MELO\u00a0Distrito XXI<\/h5>\n\n\n\n<figure class=\"wp-block-image is-resized\"><img loading=\"lazy\" decoding=\"async\" src=\"http:\/\/34.74.245.243\/wp-content\/uploads\/2020\/06\/21.jpg\" alt=\"\" class=\"wp-image-44\" width=\"112\" height=\"142\" srcset=\"https:\/\/juventud.congresocdmx.gob.mx\/wp-content\/uploads\/2020\/06\/21.jpg 379w, https:\/\/juventud.congresocdmx.gob.mx\/wp-content\/uploads\/2020\/06\/21-237x300.jpg 237w\" sizes=\"auto, (max-width: 112px) 100vw, 112px\" \/><figcaption><strong>Secretario<\/strong><br><br><\/figcaption><\/figure>\n\n\n\n<h5 class=\"wp-block-heading\">GABRIELA QUIROGA ANGUIANO\u00a0Representaci\u00f3n Proporcional<\/h5>\n\n\n\n<figure class=\"wp-block-image is-resized\"><img loading=\"lazy\" decoding=\"async\" src=\"http:\/\/34.74.245.243\/wp-content\/uploads\/2020\/06\/56.jpg\" alt=\"\" class=\"wp-image-45\" width=\"112\" height=\"168\" srcset=\"https:\/\/juventud.congresocdmx.gob.mx\/wp-content\/uploads\/2020\/06\/56.jpg 320w, https:\/\/juventud.congresocdmx.gob.mx\/wp-content\/uploads\/2020\/06\/56-200x300.jpg 200w\" sizes=\"auto, (max-width: 112px) 100vw, 112px\" \/><figcaption><strong>Integrante<\/strong><\/figcaption><\/figure>\n\n\n\n<h5 class=\"wp-block-heading\">ELEAZAR RUBIO ALDAR\u00c1N\u00a0Representaci\u00f3n Proporcional<\/h5>\n\n\n\n<figure class=\"wp-block-image is-resized\"><img loading=\"lazy\" decoding=\"async\" src=\"http:\/\/34.74.245.243\/wp-content\/uploads\/2020\/06\/47-s.jpg\" alt=\"\" class=\"wp-image-46\" width=\"116\" height=\"174\" srcset=\"https:\/\/juventud.congresocdmx.gob.mx\/wp-content\/uploads\/2020\/06\/47-s.jpg 319w, https:\/\/juventud.congresocdmx.gob.mx\/wp-content\/uploads\/2020\/06\/47-s-199x300.jpg 199w\" sizes=\"auto, (max-width: 116px) 100vw, 116px\" \/><figcaption><strong>Integrante<\/strong><\/figcaption><\/figure>\n\n\n\n<h5 class=\"wp-block-heading\">ANA PATRICIA B\u00c1EZ GUERRERO\u00a0Representaci\u00f3n Proporcional<\/h5>\n\n\n\n<figure class=\"wp-block-image is-resized\"><img loading=\"lazy\" decoding=\"async\" src=\"http:\/\/34.74.245.243\/wp-content\/uploads\/2020\/06\/36.1-683x1024.jpg\" alt=\"\" class=\"wp-image-47\" width=\"117\" height=\"174\"\/><figcaption><strong>Integrante<\/strong><\/figcaption><\/figure>\n\n\n\n<h5 class=\"wp-block-heading\">JOS\u00c9 EMMANUEL VARGAS BERNAL&nbsp;Distrito III<\/h5>\n\n\n\n<figure class=\"wp-block-image is-resized\"><img loading=\"lazy\" decoding=\"async\" src=\"http:\/\/34.74.245.243\/wp-content\/uploads\/2020\/06\/3.jpg\" alt=\"\" class=\"wp-image-48\" width=\"118\" height=\"177\" srcset=\"https:\/\/juventud.congresocdmx.gob.mx\/wp-content\/uploads\/2020\/06\/3.jpg 320w, https:\/\/juventud.congresocdmx.gob.mx\/wp-content\/uploads\/2020\/06\/3-200x300.jpg 200w\" sizes=\"auto, (max-width: 118px) 100vw, 118px\" \/><figcaption><strong>Integrante<\/strong><\/figcaption><\/figure>\n\n\n\n<p><\/p>\n","protected":false},"excerpt":{"rendered":"<p>ANA CRISTINA HERN\u00c1NDEZ TREJO&nbsp;Representaci\u00f3n Proporcional JOS\u00c9 MART\u00cdN PADILLA S\u00c1NCHEZ&nbsp;Representaci\u00f3n Proporcional MIGUEL \u00c1NGEL \u00c1LVAREZ MELO\u00a0Distrito XXI GABRIELA QUIROGA ANGUIANO\u00a0Representaci\u00f3n Proporcional ELEAZAR RUBIO ALDAR\u00c1N\u00a0Representaci\u00f3n Proporcional ANA PATRICIA B\u00c1EZ GUERRERO\u00a0Representaci\u00f3n Proporcional JOS\u00c9 EMMANUEL VARGAS BERNAL&nbsp;Distrito III<\/p>\n","protected":false},"author":2,"featured_media":0,"parent":0,"menu_order":0,"comment_status":"closed","ping_status":"closed","template":"","meta":{"footnotes":""},"class_list":["post-41","page","type-page","status-publish","hentry"],"_links":{"self":[{"href":"https:\/\/juventud.congresocdmx.gob.mx\/index.php\/wp-json\/wp\/v2\/pages\/41","targetHints":{"allow":["GET"]}}],"collection":[{"href":"https:\/\/juventud.congresocdmx.gob.mx\/index.php\/wp-json\/wp\/v2\/pages"}],"about":[{"href":"https:\/\/juventud.congresocdmx.gob.mx\/index.php\/wp-json\/wp\/v2\/types\/page"}],"author":[{"embeddable":true,"href":"https:\/\/juventud.congresocdmx.gob.mx\/index.php\/wp-json\/wp\/v2\/users\/2"}],"replies":[{"embeddable":true,"href":"https:\/\/juventud.congresocdmx.gob.mx\/index.php\/wp-json\/wp\/v2\/comments?post=41"}],"version-history":[{"count":1,"href":"https:\/\/juventud.congresocdmx.gob.mx\/index.php\/wp-json\/wp\/v2\/pages\/41\/revisions"}],"predecessor-version":[{"id":49,"href":"https:\/\/juventud.congresocdmx.gob.mx\/index.php\/wp-json\/wp\/v2\/pages\/41\/revisions\/49"}],"wp:attachment":[{"href":"https:\/\/juventud.congresocdmx.gob.mx\/index.php\/wp-json\/wp\/v2\/media?parent=41"}],"curies":[{"name":"wp","href":"https:\/\/api.w.org\/{rel}","templated":true}]}}